{"id":179,"date":"2016-08-17T17:10:11","date_gmt":"2016-08-17T17:10:11","guid":{"rendered":"http:\/\/k1nytt.w.uib.no\/?page_id=179"},"modified":"2023-09-07T15:46:28","modified_gmt":"2023-09-07T13:46:28","slug":"studie","status":"publish","type":"page","link":"https:\/\/k1nytt.w.uib.no\/en\/studie\/","title":{"rendered":"Undervisning"},"content":{"rendered":"<p>Klinisk institutt 1 (K1) har ansvaret for rundt\u00a060 emner fordelt p\u00e5 studieprogrammene medisin, odontologi, bachelor- og masterutdanning i ern\u00e6ring, bachelor i tannpleie, og har det faglige ansvaret for andre emner p\u00e5 masterniv\u00e5, i tillegg til flere forskerkurs.<\/p>\n<hr \/>\n<h6><strong>E-postadresser til studieseksjonene:<\/strong><\/h6>\n<p>Medisin: <a href=\"mailto:studie@kliniskmedisin.uib.no\">studie@kliniskmedisin.uib.no<\/a><\/p>\n<p>Ern\u00e6ring: <a href=\"mailto:studie-nutrition@uib.no\">studie-nutrition@uib.no<\/a><\/p>\n<hr \/>\n<p>G\u00e5 videre til <a href=\"https:\/\/k1nytt.w.uib.no\/en\/studie\/undervisning-og-eksamensressurser\/\">Undervisning og eksamensressurser<\/a><\/p>","protected":false},"excerpt":{"rendered":"<p>Klinisk institutt 1 (K1) har ansvaret for rundt\u00a060 emner fordelt p\u00e5 studieprogrammene medisin, odontologi, bachelor- og masterutdanning i ern\u00e6ring, bachelor i tannpleie, og har det faglige ansvaret for andre emner p\u00e5 masterniv\u00e5, i tillegg til flere forskerkurs. E-postadresser til studieseksjonene:&hellip;<\/p>\n<p class=\"more-link-p\"><a class=\"more-link\" href=\"https:\/\/k1nytt.w.uib.no\/en\/studie\/\">Read more &rarr;<\/a><\/p>","protected":false},"author":3572,"featured_media":0,"parent":0,"menu_order":4,"comment_status":"closed","ping_status":"closed","template":"","meta":{"footnotes":""},"class_list":["post-179","page","type-page","status-publish","hentry"],"_links":{"self":[{"href":"https:\/\/k1nytt.w.uib.no\/en\/wp-json\/wp\/v2\/pages\/179","targetHints":{"allow":["GET"]}}],"collection":[{"href":"https:\/\/k1nytt.w.uib.no\/en\/wp-json\/wp\/v2\/pages"}],"about":[{"href":"https:\/\/k1nytt.w.uib.no\/en\/wp-json\/wp\/v2\/types\/page"}],"author":[{"embeddable":true,"href":"https:\/\/k1nytt.w.uib.no\/en\/wp-json\/wp\/v2\/users\/3572"}],"replies":[{"embeddable":true,"href":"https:\/\/k1nytt.w.uib.no\/en\/wp-json\/wp\/v2\/comments?post=179"}],"version-history":[{"count":11,"href":"https:\/\/k1nytt.w.uib.no\/en\/wp-json\/wp\/v2\/pages\/179\/revisions"}],"predecessor-version":[{"id":17887,"href":"https:\/\/k1nytt.w.uib.no\/en\/wp-json\/wp\/v2\/pages\/179\/revisions\/17887"}],"wp:attachment":[{"href":"https:\/\/k1nytt.w.uib.no\/en\/wp-json\/wp\/v2\/media?parent=179"}],"curies":[{"name":"wp","href":"https:\/\/api.w.org\/{rel}","templated":true}]}}