{"id":20,"date":"2016-07-08T07:10:45","date_gmt":"2016-07-08T07:10:45","guid":{"rendered":"http:\/\/k1nytt.w.uib.no\/?page_id=20"},"modified":"2022-11-17T14:44:11","modified_gmt":"2022-11-17T13:44:11","slug":"hms","status":"publish","type":"page","link":"https:\/\/k1nytt.w.uib.no\/en\/hms\/","title":{"rendered":"HMS-hj\u00f8rnet"},"content":{"rendered":"<p><img loading=\"lazy\" decoding=\"async\" class=\"alignright wp-image-1287\" src=\"http:\/\/k1nytt.w.uib.no\/files\/2016\/09\/eksponering.jpg\" alt=\"eksponering\" width=\"251\" height=\"174\" \/>Dette hj\u00f8rnet omhandler alt som ber\u00f8rer arbeidsmilj\u00f8et ved K1. Her blir dere presentert for nyheter, HMS-handlingsplanen ved K1, n\u00e5r det er vernerunder, arbeidsmilj\u00f8unders\u00f8kelser etc. Alle er velkommen med innspill til dette hj\u00f8rnet!<\/p>\n<p><strong>Verneombud ved K1 for perioden 2021-2022<\/strong>:<\/p>\n<div class=\"entry-content\">\n<ul>\n<li>Administrative og vitenskapelige stillinger:\u00a0<a href=\"https:\/\/www.uib.no\/personer\/Siri.Sagen.Trosvik\" target=\"_blank\" rel=\"noopener\">Siri Sagen Trosvik<\/a><\/li>\n<li>Lab\/teknisk ansatte:\u00a0<a href=\"https:\/\/www.uib.no\/personer\/Solrun.Johanne.Steine\" target=\"_blank\" rel=\"noopener\">Solrun Steine<\/a>, vara;\u00a0<a href=\"https:\/\/www.uib.no\/personer\/Unni.Larsen\" target=\"_blank\" rel=\"noopener\">Unni Larsen<\/a><\/li>\n<li>Dyreavdelingen:\u00a0<a href=\"https:\/\/www.uib.no\/personer\/Gry.Bernes\" target=\"_blank\" rel=\"noopener\">Gry Bernes<\/a>, vara:\u00a0<a href=\"https:\/\/www.uib.no\/personer\/Helen.Eikeseth.Otter%C3%A5\" target=\"_blank\" rel=\"noopener\">Helen Eikeseth Otter\u00e5<\/a><\/li>\n<\/ul>\n<\/div>\n<p><strong>HMS-h\u00e5ndbok <\/strong><br \/>\nAlle ansatte ved K1 er pliktig til \u00e5 lese <a href=\"https:\/\/www.uib.no\/sites\/w3.uib.no\/files\/attachments\/hms-handbok_k1_revidert_2021.pdf\" target=\"_blank\" rel=\"noopener\"><u><span style=\"color: #0066cc\">HMS-h\u00e5ndboken.<\/span><\/u><\/a><\/p>\n<p><strong>Beredskapsperm<br \/>\n<\/strong>En beredskapsperm for Det medisinsk-odontologiske fakultet finnes i ekspedisjonen i 7. etg.<\/p>\n<p><img loading=\"lazy\" decoding=\"async\" class=\"alignnone wp-image-1913\" src=\"http:\/\/k1nytt.w.uib.no\/files\/2016\/10\/beredskapsperm-1024x576.jpg\" alt=\"beredskapsperm\" width=\"444\" height=\"254\" \/><strong><br \/>\n<\/strong><\/p>\n<p><strong>Eksponeringsregisteret <\/strong><br \/>\nHMS-avdelingen har informasjonskurs i eksponeringsregisteret som de\u00a0arrangerer ved behov. Det er viktig at dere som arbeider med kreftfremkallende kjemikalier vet hvordan dere skal registrere dere.<\/p>\n<p>En oversikt over aktuelle\u00a0HMS-kurs\u00a0finner du <a href=\"http:\/\/www.uib.no\/hms-portalen\/73725\/hms-kompetanse\" target=\"_blank\" rel=\"noopener\"><u><span style=\"color: #0066cc\">her<\/span><\/u><\/a>.<\/p>\n<p><strong>Les mer om HMS p\u00e5 UiB sin <a href=\"http:\/\/www.uib.no\/hms-portalen\" target=\"_blank\" rel=\"noopener\"><u><span style=\"color: #0066cc\">HMS-portal<\/span><\/u><\/a>.<\/strong><\/p>","protected":false},"excerpt":{"rendered":"<p>Dette hj\u00f8rnet omhandler alt som ber\u00f8rer arbeidsmilj\u00f8et ved K1. Her blir dere presentert for nyheter, HMS-handlingsplanen ved K1, n\u00e5r det er vernerunder, arbeidsmilj\u00f8unders\u00f8kelser etc. Alle er velkommen med innspill til dette hj\u00f8rnet! Verneombud ved K1 for perioden 2021-2022: Administrative og&hellip;<\/p>\n<p class=\"more-link-p\"><a class=\"more-link\" href=\"https:\/\/k1nytt.w.uib.no\/en\/hms\/\">Read more &rarr;<\/a><\/p>","protected":false},"author":3572,"featured_media":0,"parent":0,"menu_order":5,"comment_status":"closed","ping_status":"closed","template":"","meta":{"footnotes":""},"class_list":["post-20","page","type-page","status-publish","hentry"],"_links":{"self":[{"href":"https:\/\/k1nytt.w.uib.no\/en\/wp-json\/wp\/v2\/pages\/20","targetHints":{"allow":["GET"]}}],"collection":[{"href":"https:\/\/k1nytt.w.uib.no\/en\/wp-json\/wp\/v2\/pages"}],"about":[{"href":"https:\/\/k1nytt.w.uib.no\/en\/wp-json\/wp\/v2\/types\/page"}],"author":[{"embeddable":true,"href":"https:\/\/k1nytt.w.uib.no\/en\/wp-json\/wp\/v2\/users\/3572"}],"replies":[{"embeddable":true,"href":"https:\/\/k1nytt.w.uib.no\/en\/wp-json\/wp\/v2\/comments?post=20"}],"version-history":[{"count":15,"href":"https:\/\/k1nytt.w.uib.no\/en\/wp-json\/wp\/v2\/pages\/20\/revisions"}],"predecessor-version":[{"id":16279,"href":"https:\/\/k1nytt.w.uib.no\/en\/wp-json\/wp\/v2\/pages\/20\/revisions\/16279"}],"wp:attachment":[{"href":"https:\/\/k1nytt.w.uib.no\/en\/wp-json\/wp\/v2\/media?parent=20"}],"curies":[{"name":"wp","href":"https:\/\/api.w.org\/{rel}","templated":true}]}}