{"id":306,"date":"2016-08-17T19:59:36","date_gmt":"2016-08-17T19:59:36","guid":{"rendered":"http:\/\/k1nytt.w.uib.no\/?page_id=306"},"modified":"2023-11-22T09:15:16","modified_gmt":"2023-11-22T08:15:16","slug":"om-instituttet","status":"publish","type":"page","link":"https:\/\/k1nytt.w.uib.no\/en\/om-instituttet\/","title":{"rendered":"Om instituttet"},"content":{"rendered":"<p>Klinisk institutt 1 har som form\u00e5l og oppgave \u00e5 drive medisinsk forskning og utdanning p\u00e5 h\u00f8yt internasjonalt niv\u00e5. Instituttet vektlegger forskning som tar utgangspunkt i kliniske problemstillinger, og kombinerer dette med grunnleggende laboratorie- og registerbasert forskning og forskning knyttet til billeddannende analyser.<\/p>\n<p>Instituttet best\u00e5r av elleve seksjoner. Disse omfatter fagene ortopedi, urologi, plastikkirurgi, anestesiologi, patologi, <a href=\"http:\/\/www.uib.no\/klin1\/79667\/seksjon-radiologi#\"><u><span style=\"color: #0066cc\">radiologi<\/span><\/u><\/a>, nevrologi, nevrokirurgi, \u00f8re-nese-hals, sm\u00e5kirurgi, psykiatri, <a href=\"http:\/\/www.uib.no\/klin1\/76374\/seksjon-oftamologi\"><u><span style=\"color: #0066cc\">oftamologi (\u00f8ye)<\/span><\/u><\/a>, dermatologi (hud),<a href=\"http:\/\/www.uib.no\/klin1\/forskning\/forskergrupper\/gastroenheten-ved-uib\"><u><span style=\"color: #0066cc\"> gastroenterologi<\/span><\/u><\/a>, gastrokirurgi, ern\u00e6ring og nefrologi.<\/p>","protected":false},"excerpt":{"rendered":"<p>Klinisk institutt 1 har som form\u00e5l og oppgave \u00e5 drive medisinsk forskning og utdanning p\u00e5 h\u00f8yt internasjonalt niv\u00e5. Instituttet vektlegger forskning som tar utgangspunkt i kliniske problemstillinger, og kombinerer dette med grunnleggende laboratorie- og registerbasert forskning og forskning knyttet til&hellip;<\/p>\n<p class=\"more-link-p\"><a class=\"more-link\" href=\"https:\/\/k1nytt.w.uib.no\/en\/om-instituttet\/\">Read more &rarr;<\/a><\/p>","protected":false},"author":3572,"featured_media":0,"parent":0,"menu_order":1,"comment_status":"closed","ping_status":"closed","template":"","meta":{"footnotes":""},"class_list":["post-306","page","type-page","status-publish","hentry"],"_links":{"self":[{"href":"https:\/\/k1nytt.w.uib.no\/en\/wp-json\/wp\/v2\/pages\/306","targetHints":{"allow":["GET"]}}],"collection":[{"href":"https:\/\/k1nytt.w.uib.no\/en\/wp-json\/wp\/v2\/pages"}],"about":[{"href":"https:\/\/k1nytt.w.uib.no\/en\/wp-json\/wp\/v2\/types\/page"}],"author":[{"embeddable":true,"href":"https:\/\/k1nytt.w.uib.no\/en\/wp-json\/wp\/v2\/users\/3572"}],"replies":[{"embeddable":true,"href":"https:\/\/k1nytt.w.uib.no\/en\/wp-json\/wp\/v2\/comments?post=306"}],"version-history":[{"count":10,"href":"https:\/\/k1nytt.w.uib.no\/en\/wp-json\/wp\/v2\/pages\/306\/revisions"}],"predecessor-version":[{"id":18465,"href":"https:\/\/k1nytt.w.uib.no\/en\/wp-json\/wp\/v2\/pages\/306\/revisions\/18465"}],"wp:attachment":[{"href":"https:\/\/k1nytt.w.uib.no\/en\/wp-json\/wp\/v2\/media?parent=306"}],"curies":[{"name":"wp","href":"https:\/\/api.w.org\/{rel}","templated":true}]}}