{"id":373,"date":"2016-08-22T18:41:11","date_gmt":"2016-08-22T18:41:11","guid":{"rendered":"http:\/\/k1nytt.w.uib.no\/?page_id=373"},"modified":"2023-09-07T15:52:25","modified_gmt":"2023-09-07T13:52:25","slug":"her-finner-du-oss","status":"publish","type":"page","link":"https:\/\/k1nytt.w.uib.no\/en\/om-instituttet\/her-finner-du-oss\/","title":{"rendered":"Her finner du oss"},"content":{"rendered":"<p><img loading=\"lazy\" decoding=\"async\" class=\"wp-image-15311 aligncenter\" src=\"http:\/\/k1nytt.w.uib.no\/files\/2022\/05\/haukeland_lab-bygget-aug-07-02_0-300x225.jpg\" alt=\"\" width=\"484\" height=\"366\" \/><\/p>\n<p>Klinisk institutt 1 er spredt p\u00e5 flere bygg p\u00e5 Haukelandsomr\u00e5det, men administrasjonen finner du i 7. etasje p\u00e5 Laboratoriebygget.<\/p>\n<p><strong>Bes\u00f8ksadresse til administrasjonen:<\/strong><\/p>\n<p>Universitetet i Bergen<br \/>\nKlinisk Institutt 1<br \/>\nHaukeland Universitetssykehus<br \/>\nLaboratoriebygget, 7. etg.<\/p>\n<p><strong>Postadresse brev:<\/strong><\/p>\n<p>Universitetet i Bergen<br \/>\n(navn p\u00e5 person og avdeling)<br \/>\nKlinisk Institutt 1<br \/>\nJonas Lies vei 87<br \/>\n5021 Bergen<\/p>\n<p><strong>Leveringsadresse varer:<\/strong><\/p>\n<p>Universitetet i Bergen<br \/>\n(navn p\u00e5 person og avdeling)<br \/>\nKlinisk Institutt 1<br \/>\nJonas Lies vei 91 B<br \/>\n5021 Bergen<\/p>\n<p>e-post: <a href=\"mailto:post@k1.uib.no\"><u><span style=\"color: #0066cc\">post@k1.uib.no<\/span><\/u><\/a><\/p>\n<p>Merk at instituttets tekniske og vitenskapelige ansatte har kontor- og lab plasser over flere bygninger, b\u00e5de lab bygget og flere av sykehusets bygninger, samt i F\u00f8rde, Haugesund, Stavanger og Kristiansand. Hvis du vet hvor den enkelte har kontorplass som du skal sende brev til, er det fint om du presiserer det p\u00e5 konvolutten.<\/p>","protected":false},"excerpt":{"rendered":"<p>Klinisk institutt 1 er spredt p\u00e5 flere bygg p\u00e5 Haukelandsomr\u00e5det, men administrasjonen finner du i 7. etasje p\u00e5 Laboratoriebygget. Bes\u00f8ksadresse til administrasjonen: Universitetet i Bergen Klinisk Institutt 1 Haukeland Universitetssykehus Laboratoriebygget, 7. etg. Postadresse brev: Universitetet i Bergen (navn p\u00e5&hellip;<\/p>\n<p class=\"more-link-p\"><a class=\"more-link\" href=\"https:\/\/k1nytt.w.uib.no\/en\/om-instituttet\/her-finner-du-oss\/\">Read more &rarr;<\/a><\/p>","protected":false},"author":3572,"featured_media":0,"parent":306,"menu_order":4,"comment_status":"closed","ping_status":"closed","template":"","meta":{"footnotes":""},"class_list":["post-373","page","type-page","status-publish","hentry"],"_links":{"self":[{"href":"https:\/\/k1nytt.w.uib.no\/en\/wp-json\/wp\/v2\/pages\/373","targetHints":{"allow":["GET"]}}],"collection":[{"href":"https:\/\/k1nytt.w.uib.no\/en\/wp-json\/wp\/v2\/pages"}],"about":[{"href":"https:\/\/k1nytt.w.uib.no\/en\/wp-json\/wp\/v2\/types\/page"}],"author":[{"embeddable":true,"href":"https:\/\/k1nytt.w.uib.no\/en\/wp-json\/wp\/v2\/users\/3572"}],"replies":[{"embeddable":true,"href":"https:\/\/k1nytt.w.uib.no\/en\/wp-json\/wp\/v2\/comments?post=373"}],"version-history":[{"count":6,"href":"https:\/\/k1nytt.w.uib.no\/en\/wp-json\/wp\/v2\/pages\/373\/revisions"}],"predecessor-version":[{"id":17689,"href":"https:\/\/k1nytt.w.uib.no\/en\/wp-json\/wp\/v2\/pages\/373\/revisions\/17689"}],"up":[{"embeddable":true,"href":"https:\/\/k1nytt.w.uib.no\/en\/wp-json\/wp\/v2\/pages\/306"}],"wp:attachment":[{"href":"https:\/\/k1nytt.w.uib.no\/en\/wp-json\/wp\/v2\/media?parent=373"}],"curies":[{"name":"wp","href":"https:\/\/api.w.org\/{rel}","templated":true}]}}