{"id":5828,"date":"2017-10-06T11:02:04","date_gmt":"2017-10-06T09:02:04","guid":{"rendered":"http:\/\/k1nytt.w.uib.no\/?page_id=5828"},"modified":"2025-04-08T16:19:00","modified_gmt":"2025-04-08T14:19:00","slug":"undervisning-og-eksamensressurser","status":"publish","type":"page","link":"https:\/\/k1nytt.w.uib.no\/en\/studie\/undervisning-og-eksamensressurser\/","title":{"rendered":"Undervisning og eksamensressurser"},"content":{"rendered":"<h6>UNDERVISNING<\/h6>\n<p>L\u00e6ringsplattformen <a href=\"http:\/\/www.uib.no\/foransatte\/102666\/mitt-uib-og-l%C3%A6ringsst%C3%B8tte\" target=\"_blank\" rel=\"noopener\"><u><span style=\"color: #000080\">Mitt UiB <\/span><\/u><\/a>er UiB sitt arbeidsverkt\u00f8y for alle som underviser. Her finnes mange hjelpemidler til bruk i undervisningen. Timeplaner, flervalgstester, studentoppgaver, innleveringer, og moduler til \u00e5 organisere forelesningsnotater er alle funksjoner som UiB \u00f8nsker at undervisere skal ta i bruk.<\/p>\n<p>Tilbakemeldinger fra studenten viser at de benytter Mitt UiB til \u00e5 organisere sin studiehverdag. Alt som opprettes i Mitt UiB i h\u00f8st kan overf\u00f8res til nytt semester. Vedlikehold av innhold\u00a0er ikke like arbeidskrevende som \u00e5 opprette innhold for f\u00f8rste gang.<\/p>\n<h6>Her er mange gode nettressurser til selvhjelp for alle som skal bruke Mitt UiB:<\/h6>\n<ul>\n<li><a href=\"https:\/\/vimeo.com\/mittuib\"><u><span style=\"color: #000080\">Videoveiledninger<\/span><\/u><\/a><\/li>\n<li><a href=\"http:\/\/www.uib.no\/diguib\/79003\/opphavsrett-og-undervisning\"><u><span style=\"color: #000080\">Opphavsrett og undervisning<\/span><\/u><\/a><\/li>\n<li><a href=\"https:\/\/mitt.uib.no\/courses\/554\/pages\/mitt-uib-appen?module_item_id=35125\"><u><span style=\"color: #000080\">Om Mitt UiB-appen<\/span><\/u><\/a><\/li>\n<li><a href=\"https:\/\/mitt.uib.no\/courses\/554\/pages\/mitt-uib-appen?module_item_id=35125\"><u><span style=\"color: #000080\">Nyttige kurs ved bruk av <\/span><\/u><\/a><u><a href=\"https:\/\/mitt.uib.no\/courses\/1375\/modules\" target=\"_blank\" rel=\"noopener\"><u><span style=\"color: #000080\">Mitt UiB og Flervalgsdatabasen (FVO)<\/span><\/u><\/a><br \/>\n<\/u><\/li>\n<\/ul>\n<h6>EKSAMEN<\/h6>\n<p>UiB benytter Inspera og Flervalgsdatabasen til NTNU (FVO-basen) som eksamensverkt\u00f8y. Alle vitenskapelig ansatte m\u00e5 gj\u00f8re seg kjent med disse verkt\u00f8yene.<\/p>\n<ul>\n<li><a href=\"https:\/\/www.uib.no\/underviserst%C3%B8tte\/163024\/sensur\">Sensur | Portal for undervisere | UiB<\/a><\/li>\n<li><a href=\"https:\/\/mcq.medisin.ntnu.no\/\" target=\"_blank\" rel=\"noopener\"><u><span style=\"color: #000080\">Logg inn i flervalgsdatabasen <\/span><\/u><\/a><\/li>\n<li><a href=\"http:\/\/www.uib.no\/diguib\/96133\/digital-eksamen\"><u>Inspera<br \/>\n<\/u><\/a><\/li>\n<\/ul>\n<p>Kontakt gjerne administrasjonen ved behov for veiledning.<\/p>","protected":false},"excerpt":{"rendered":"<p>UNDERVISNING L\u00e6ringsplattformen Mitt UiB er UiB sitt arbeidsverkt\u00f8y for alle som underviser. Her finnes mange hjelpemidler til bruk i undervisningen. Timeplaner, flervalgstester, studentoppgaver, innleveringer, og moduler til \u00e5 organisere forelesningsnotater er alle funksjoner som UiB \u00f8nsker at undervisere skal ta&hellip;<\/p>\n<p class=\"more-link-p\"><a class=\"more-link\" href=\"https:\/\/k1nytt.w.uib.no\/en\/studie\/undervisning-og-eksamensressurser\/\">Read more &rarr;<\/a><\/p>","protected":false},"author":3633,"featured_media":0,"parent":179,"menu_order":1,"comment_status":"closed","ping_status":"closed","template":"","meta":{"footnotes":""},"class_list":["post-5828","page","type-page","status-publish","hentry"],"_links":{"self":[{"href":"https:\/\/k1nytt.w.uib.no\/en\/wp-json\/wp\/v2\/pages\/5828","targetHints":{"allow":["GET"]}}],"collection":[{"href":"https:\/\/k1nytt.w.uib.no\/en\/wp-json\/wp\/v2\/pages"}],"about":[{"href":"https:\/\/k1nytt.w.uib.no\/en\/wp-json\/wp\/v2\/types\/page"}],"author":[{"embeddable":true,"href":"https:\/\/k1nytt.w.uib.no\/en\/wp-json\/wp\/v2\/users\/3633"}],"replies":[{"embeddable":true,"href":"https:\/\/k1nytt.w.uib.no\/en\/wp-json\/wp\/v2\/comments?post=5828"}],"version-history":[{"count":10,"href":"https:\/\/k1nytt.w.uib.no\/en\/wp-json\/wp\/v2\/pages\/5828\/revisions"}],"predecessor-version":[{"id":22119,"href":"https:\/\/k1nytt.w.uib.no\/en\/wp-json\/wp\/v2\/pages\/5828\/revisions\/22119"}],"up":[{"embeddable":true,"href":"https:\/\/k1nytt.w.uib.no\/en\/wp-json\/wp\/v2\/pages\/179"}],"wp:attachment":[{"href":"https:\/\/k1nytt.w.uib.no\/en\/wp-json\/wp\/v2\/media?parent=5828"}],"curies":[{"name":"wp","href":"https:\/\/api.w.org\/{rel}","templated":true}]}}